{"id":7,"date":"2023-09-29T14:19:58","date_gmt":"2023-09-29T17:19:58","guid":{"rendered":"https:\/\/carolmazeto.com.br\/?page_id=7"},"modified":"2025-01-15T11:52:16","modified_gmt":"2025-01-15T14:52:16","slug":"home","status":"publish","type":"page","link":"https:\/\/carolmazeto.com.br\/","title":{"rendered":"Home"},"content":{"rendered":"\t\t<div data-elementor-type=\"wp-page\" data-elementor-id=\"7\" class=\"elementor elementor-7\">\n\t\t\t\t\t\t\t<div class=\"elementor-element elementor-element-7bb2bab e-con-full animated-slow e-flex elementor-invisible e-con e-parent\" data-id=\"7bb2bab\" data-element_type=\"container\" data-settings=\"{&quot;content_width&quot;:&quot;full&quot;,&quot;animation&quot;:&quot;fadeInLeft&quot;}\" data-core-v316-plus=\"true\">\n\t\t<div class=\"elementor-element elementor-element-f34a515 e-con-full e-flex e-con e-child\" data-id=\"f34a515\" data-element_type=\"container\" data-settings=\"{&quot;content_width&quot;:&quot;full&quot;}\">\n\t\t\t\t<div class=\"elementor-element elementor-element-493efc0 elementor-widget elementor-widget-image\" data-id=\"493efc0\" data-element_type=\"widget\" data-widget_type=\"image.default\">\n\t\t\t\t<div class=\"elementor-widget-container\">\n\t\t\t<style>\/*! elementor - v3.16.0 - 20-09-2023 *\/\n.elementor-widget-image{text-align:center}.elementor-widget-image a{display:inline-block}.elementor-widget-image a img[src$=\".svg\"]{width:48px}.elementor-widget-image img{vertical-align:middle;display:inline-block}<\/style>\t\t\t\t\t\t\t\t\t\t\t\t<img loading=\"lazy\" decoding=\"async\" width=\"1920\" height=\"1280\" src=\"https:\/\/carolmazeto.com.br\/wp-content\/uploads\/2023\/09\/5315120e-ddff-412f-891e-e043149b2b6b.jpg\" class=\"attachment-full size-full wp-image-76\" alt=\"\" srcset=\"https:\/\/carolmazeto.com.br\/wp-content\/uploads\/2023\/09\/5315120e-ddff-412f-891e-e043149b2b6b.jpg 1920w, https:\/\/carolmazeto.com.br\/wp-content\/uploads\/2023\/09\/5315120e-ddff-412f-891e-e043149b2b6b-300x200.jpg 300w, https:\/\/carolmazeto.com.br\/wp-content\/uploads\/2023\/09\/5315120e-ddff-412f-891e-e043149b2b6b-1024x683.jpg 1024w, https:\/\/carolmazeto.com.br\/wp-content\/uploads\/2023\/09\/5315120e-ddff-412f-891e-e043149b2b6b-768x512.jpg 768w, https:\/\/carolmazeto.com.br\/wp-content\/uploads\/2023\/09\/5315120e-ddff-412f-891e-e043149b2b6b-1536x1024.jpg 1536w\" sizes=\"auto, (max-width: 1920px) 100vw, 1920px\" \/>\t\t\t\t\t\t\t\t\t\t\t\t\t\t\t<\/div>\n\t\t\t\t<\/div>\n\t\t\t\t<\/div>\n\t\t<div class=\"elementor-element elementor-element-3b70f36 e-con-full e-flex e-con e-child\" data-id=\"3b70f36\" data-element_type=\"container\" data-settings=\"{&quot;content_width&quot;:&quot;full&quot;}\">\n\t\t\t\t<div class=\"elementor-element elementor-element-1f6c4cc elementor-widget__width-initial elementor-widget elementor-widget-image\" data-id=\"1f6c4cc\" data-element_type=\"widget\" data-widget_type=\"image.default\">\n\t\t\t\t<div class=\"elementor-widget-container\">\n\t\t\t\t\t\t\t\t\t\t\t\t\t\t\t<img loading=\"lazy\" decoding=\"async\" width=\"418\" height=\"351\" src=\"https:\/\/carolmazeto.com.br\/wp-content\/uploads\/2023\/10\/Logotipo-rustico-para-restaurante-regional-lanchonete-bar-delivery-ou-pousada-amarelo-verde-e-marrom-6-1.png\" class=\"attachment-medium_large size-medium_large wp-image-302\" alt=\"\" srcset=\"https:\/\/carolmazeto.com.br\/wp-content\/uploads\/2023\/10\/Logotipo-rustico-para-restaurante-regional-lanchonete-bar-delivery-ou-pousada-amarelo-verde-e-marrom-6-1.png 418w, https:\/\/carolmazeto.com.br\/wp-content\/uploads\/2023\/10\/Logotipo-rustico-para-restaurante-regional-lanchonete-bar-delivery-ou-pousada-amarelo-verde-e-marrom-6-1-300x252.png 300w\" sizes=\"auto, (max-width: 418px) 100vw, 418px\" \/>\t\t\t\t\t\t\t\t\t\t\t\t\t\t\t<\/div>\n\t\t\t\t<\/div>\n\t\t\t\t<\/div>\n\t\t\t\t<\/div>\n\t\t<div class=\"elementor-element elementor-element-4c3988a animated-slow e-flex e-con-boxed elementor-invisible e-con e-parent\" data-id=\"4c3988a\" data-element_type=\"container\" data-settings=\"{&quot;animation&quot;:&quot;fadeInRight&quot;,&quot;content_width&quot;:&quot;boxed&quot;}\" data-core-v316-plus=\"true\">\n\t\t\t\t\t<div class=\"e-con-inner\">\n\t\t\t\t<div class=\"elementor-element elementor-element-b2fcbbb elementor-widget__width-initial elementor-widget elementor-widget-image\" data-id=\"b2fcbbb\" data-element_type=\"widget\" data-widget_type=\"image.default\">\n\t\t\t\t<div class=\"elementor-widget-container\">\n\t\t\t\t\t\t\t\t\t\t\t\t\t\t\t<img loading=\"lazy\" decoding=\"async\" width=\"1400\" height=\"600\" src=\"https:\/\/carolmazeto.com.br\/wp-content\/uploads\/2023\/10\/Se-voce.-\u2022-tem-a-sensacao-de-que-vida-passa-diante-de-voce-como-se-escapasse-pelos-dedos-e-que-falta-calma-e-presenca-para-contempla-la-e-vivencia-la-\u2022-sente-falta-de-concentracao-dificuldade.png\" class=\"attachment-full size-full wp-image-386\" alt=\"\" srcset=\"https:\/\/carolmazeto.com.br\/wp-content\/uploads\/2023\/10\/Se-voce.-\u2022-tem-a-sensacao-de-que-vida-passa-diante-de-voce-como-se-escapasse-pelos-dedos-e-que-falta-calma-e-presenca-para-contempla-la-e-vivencia-la-\u2022-sente-falta-de-concentracao-dificuldade.png 1400w, https:\/\/carolmazeto.com.br\/wp-content\/uploads\/2023\/10\/Se-voce.-\u2022-tem-a-sensacao-de-que-vida-passa-diante-de-voce-como-se-escapasse-pelos-dedos-e-que-falta-calma-e-presenca-para-contempla-la-e-vivencia-la-\u2022-sente-falta-de-concentracao-dificuldade-300x129.png 300w, https:\/\/carolmazeto.com.br\/wp-content\/uploads\/2023\/10\/Se-voce.-\u2022-tem-a-sensacao-de-que-vida-passa-diante-de-voce-como-se-escapasse-pelos-dedos-e-que-falta-calma-e-presenca-para-contempla-la-e-vivencia-la-\u2022-sente-falta-de-concentracao-dificuldade-1024x439.png 1024w, https:\/\/carolmazeto.com.br\/wp-content\/uploads\/2023\/10\/Se-voce.-\u2022-tem-a-sensacao-de-que-vida-passa-diante-de-voce-como-se-escapasse-pelos-dedos-e-que-falta-calma-e-presenca-para-contempla-la-e-vivencia-la-\u2022-sente-falta-de-concentracao-dificuldade-768x329.png 768w\" sizes=\"auto, (max-width: 1400px) 100vw, 1400px\" \/>\t\t\t\t\t\t\t\t\t\t\t\t\t\t\t<\/div>\n\t\t\t\t<\/div>\n\t\t\t\t\t<\/div>\n\t\t\t\t<\/div>\n\t\t<div class=\"elementor-element elementor-element-121626d e-con-full animated-slow e-flex elementor-invisible e-con e-parent\" data-id=\"121626d\" data-element_type=\"container\" data-settings=\"{&quot;content_width&quot;:&quot;full&quot;,&quot;animation&quot;:&quot;fadeInLeft&quot;}\" data-core-v316-plus=\"true\">\n\t\t\t\t<div class=\"elementor-element elementor-element-33505e2 elementor-widget__width-inherit elementor-widget elementor-widget-image\" data-id=\"33505e2\" data-element_type=\"widget\" data-widget_type=\"image.default\">\n\t\t\t\t<div class=\"elementor-widget-container\">\n\t\t\t\t\t\t\t\t\t\t\t\t\t\t\t<img loading=\"lazy\" decoding=\"async\" width=\"1500\" height=\"600\" src=\"https:\/\/carolmazeto.com.br\/wp-content\/uploads\/2023\/10\/Design-sem-nome-16.png\" class=\"attachment-full size-full wp-image-370\" alt=\"\" srcset=\"https:\/\/carolmazeto.com.br\/wp-content\/uploads\/2023\/10\/Design-sem-nome-16.png 1500w, https:\/\/carolmazeto.com.br\/wp-content\/uploads\/2023\/10\/Design-sem-nome-16-300x120.png 300w, https:\/\/carolmazeto.com.br\/wp-content\/uploads\/2023\/10\/Design-sem-nome-16-1024x410.png 1024w, https:\/\/carolmazeto.com.br\/wp-content\/uploads\/2023\/10\/Design-sem-nome-16-768x307.png 768w\" sizes=\"auto, (max-width: 1500px) 100vw, 1500px\" \/>\t\t\t\t\t\t\t\t\t\t\t\t\t\t\t<\/div>\n\t\t\t\t<\/div>\n\t\t\t\t<\/div>\n\t\t<div class=\"elementor-element elementor-element-6703a97 e-con-full animated-slow e-flex elementor-invisible e-con e-parent\" data-id=\"6703a97\" data-element_type=\"container\" data-settings=\"{&quot;content_width&quot;:&quot;full&quot;,&quot;animation&quot;:&quot;fadeIn&quot;}\" data-core-v316-plus=\"true\">\n\t\t\t\t<div class=\"elementor-element elementor-element-c5432b1 elementor-widget elementor-widget-image\" data-id=\"c5432b1\" data-element_type=\"widget\" data-widget_type=\"image.default\">\n\t\t\t\t<div class=\"elementor-widget-container\">\n\t\t\t\t\t\t\t\t\t\t\t\t\t\t\t<img loading=\"lazy\" decoding=\"async\" width=\"800\" height=\"156\" src=\"https:\/\/carolmazeto.com.br\/wp-content\/uploads\/2023\/10\/Design-sem-nome.png\" class=\"attachment-large size-large wp-image-307\" alt=\"\" srcset=\"https:\/\/carolmazeto.com.br\/wp-content\/uploads\/2023\/10\/Design-sem-nome.png 1024w, https:\/\/carolmazeto.com.br\/wp-content\/uploads\/2023\/10\/Design-sem-nome-300x59.png 300w, https:\/\/carolmazeto.com.br\/wp-content\/uploads\/2023\/10\/Design-sem-nome-768x150.png 768w\" sizes=\"auto, (max-width: 800px) 100vw, 800px\" \/>\t\t\t\t\t\t\t\t\t\t\t\t\t\t\t<\/div>\n\t\t\t\t<\/div>\n\t\t\t\t<\/div>\n\t\t<div class=\"elementor-element elementor-element-4256a09 e-con-full animated-slow e-flex elementor-invisible e-con e-parent\" data-id=\"4256a09\" data-element_type=\"container\" data-settings=\"{&quot;content_width&quot;:&quot;full&quot;,&quot;animation&quot;:&quot;fadeInRight&quot;}\" data-core-v316-plus=\"true\">\n\t\t\t\t<div class=\"elementor-element elementor-element-fe0762c elementor-widget__width-initial elementor-widget-mobile__width-initial elementor-widget elementor-widget-heading\" data-id=\"fe0762c\" data-element_type=\"widget\" data-widget_type=\"heading.default\">\n\t\t\t\t<div class=\"elementor-widget-container\">\n\t\t\t<style>\/*! elementor - v3.16.0 - 20-09-2023 *\/\n.elementor-heading-title{padding:0;margin:0;line-height:1}.elementor-widget-heading .elementor-heading-title[class*=elementor-size-]>a{color:inherit;font-size:inherit;line-height:inherit}.elementor-widget-heading .elementor-heading-title.elementor-size-small{font-size:15px}.elementor-widget-heading .elementor-heading-title.elementor-size-medium{font-size:19px}.elementor-widget-heading .elementor-heading-title.elementor-size-large{font-size:29px}.elementor-widget-heading .elementor-heading-title.elementor-size-xl{font-size:39px}.elementor-widget-heading .elementor-heading-title.elementor-size-xxl{font-size:59px}<\/style><h2 class=\"elementor-heading-title elementor-size-default\">O Yoga \u00e9 muito mais que fazer \u00e1sanas, trabalhar a flexibilidade e alongamento. Yoga \u00e9 um caminho para a <b>Liberdade<\/b>, um meio de se autoconhecer para tomar <b>consci\u00eancia dos pr\u00f3prios condicionamentos<\/b>, f\u00edsicos, mentais, emocionais e sociais para amorosamente super\u00e1-los e perceber a verdadeira natureza do Ser: <b>A paz e a felicidade<\/b>. \n<br>Neste mundo cada vez mais acelerado e ca\u00f3tico, que nos empurra \u00e0 produtividade exacerbada, ao consumismo, trabalho incessante, que gera ansiedade, press\u00e3o, burnout... \nO Yoga \u00e9 um <b>caminho acess\u00edvel <\/b>para a <b>reconex\u00e3o com a ess\u00eancia de paz<\/b> que j\u00e1 somos.\n\u00c9 nisso que eu acredito, o Yoga como caminho poss\u00edvel e necess\u00e1rio, do qual podemos usufruir para <b>viver de forma mais leve e mais significativa.<\/b><\/h2>\t\t<\/div>\n\t\t\t\t<\/div>\n\t\t\t\t<\/div>\n\t\t<div class=\"elementor-element elementor-element-ceb15cd e-con-full animated-slow e-flex elementor-invisible e-con e-parent\" data-id=\"ceb15cd\" data-element_type=\"container\" data-settings=\"{&quot;content_width&quot;:&quot;full&quot;,&quot;background_background&quot;:&quot;classic&quot;,&quot;animation&quot;:&quot;fadeIn&quot;}\" data-core-v316-plus=\"true\">\n\t\t\t\t<div class=\"elementor-element elementor-element-74d3ec2 elementor-widget__width-initial elementor-widget elementor-widget-image\" data-id=\"74d3ec2\" data-element_type=\"widget\" data-widget_type=\"image.default\">\n\t\t\t\t<div class=\"elementor-widget-container\">\n\t\t\t\t\t\t\t\t\t\t\t\t\t\t\t<img loading=\"lazy\" decoding=\"async\" width=\"800\" height=\"320\" src=\"https:\/\/carolmazeto.com.br\/wp-content\/uploads\/2023\/10\/Se-voce-considera-que.-\u2022-Nao-ha-mais-nada-a-aprender-sobre-seu-corpo-mente-e-sobre-si-mesma-o-\u2022-Para-fazer-Yoga-e-preciso-ser-super-flexivel-e-ter-um-corpo-magro-\u2022-Yoga-e-somente-um-exercici-1024x410.png\" class=\"attachment-large size-large wp-image-360\" alt=\"\" srcset=\"https:\/\/carolmazeto.com.br\/wp-content\/uploads\/2023\/10\/Se-voce-considera-que.-\u2022-Nao-ha-mais-nada-a-aprender-sobre-seu-corpo-mente-e-sobre-si-mesma-o-\u2022-Para-fazer-Yoga-e-preciso-ser-super-flexivel-e-ter-um-corpo-magro-\u2022-Yoga-e-somente-um-exercici-1024x410.png 1024w, https:\/\/carolmazeto.com.br\/wp-content\/uploads\/2023\/10\/Se-voce-considera-que.-\u2022-Nao-ha-mais-nada-a-aprender-sobre-seu-corpo-mente-e-sobre-si-mesma-o-\u2022-Para-fazer-Yoga-e-preciso-ser-super-flexivel-e-ter-um-corpo-magro-\u2022-Yoga-e-somente-um-exercici-300x120.png 300w, https:\/\/carolmazeto.com.br\/wp-content\/uploads\/2023\/10\/Se-voce-considera-que.-\u2022-Nao-ha-mais-nada-a-aprender-sobre-seu-corpo-mente-e-sobre-si-mesma-o-\u2022-Para-fazer-Yoga-e-preciso-ser-super-flexivel-e-ter-um-corpo-magro-\u2022-Yoga-e-somente-um-exercici-768x307.png 768w, https:\/\/carolmazeto.com.br\/wp-content\/uploads\/2023\/10\/Se-voce-considera-que.-\u2022-Nao-ha-mais-nada-a-aprender-sobre-seu-corpo-mente-e-sobre-si-mesma-o-\u2022-Para-fazer-Yoga-e-preciso-ser-super-flexivel-e-ter-um-corpo-magro-\u2022-Yoga-e-somente-um-exercici.png 1500w\" sizes=\"auto, (max-width: 800px) 100vw, 800px\" \/>\t\t\t\t\t\t\t\t\t\t\t\t\t\t\t<\/div>\n\t\t\t\t<\/div>\n\t\t\t\t<\/div>\n\t\t<div class=\"elementor-element elementor-element-03d3513 animated-slow e-flex e-con-boxed elementor-invisible e-con e-parent\" data-id=\"03d3513\" data-element_type=\"container\" data-settings=\"{&quot;animation&quot;:&quot;fadeInLeft&quot;,&quot;content_width&quot;:&quot;boxed&quot;}\" data-core-v316-plus=\"true\">\n\t\t\t\t\t<div class=\"e-con-inner\">\n\t\t<div class=\"elementor-element elementor-element-199e090 e-con-full e-flex e-con e-child\" data-id=\"199e090\" data-element_type=\"container\" data-settings=\"{&quot;content_width&quot;:&quot;full&quot;}\">\n\t\t\t\t<div class=\"elementor-element elementor-element-bdf3b99 elementor-widget elementor-widget-image\" data-id=\"bdf3b99\" data-element_type=\"widget\" data-widget_type=\"image.default\">\n\t\t\t\t<div class=\"elementor-widget-container\">\n\t\t\t\t\t\t\t\t\t\t\t\t\t\t\t<img loading=\"lazy\" decoding=\"async\" width=\"595\" height=\"1024\" src=\"https:\/\/carolmazeto.com.br\/wp-content\/uploads\/2023\/09\/7c79ac8c-424d-4648-96ca-1a8234321e9d-595x1024.jpg\" class=\"attachment-large size-large wp-image-106\" alt=\"\" srcset=\"https:\/\/carolmazeto.com.br\/wp-content\/uploads\/2023\/09\/7c79ac8c-424d-4648-96ca-1a8234321e9d-595x1024.jpg 595w, https:\/\/carolmazeto.com.br\/wp-content\/uploads\/2023\/09\/7c79ac8c-424d-4648-96ca-1a8234321e9d-174x300.jpg 174w, https:\/\/carolmazeto.com.br\/wp-content\/uploads\/2023\/09\/7c79ac8c-424d-4648-96ca-1a8234321e9d-768x1323.jpg 768w, https:\/\/carolmazeto.com.br\/wp-content\/uploads\/2023\/09\/7c79ac8c-424d-4648-96ca-1a8234321e9d-892x1536.jpg 892w, https:\/\/carolmazeto.com.br\/wp-content\/uploads\/2023\/09\/7c79ac8c-424d-4648-96ca-1a8234321e9d.jpg 1189w\" sizes=\"auto, (max-width: 595px) 100vw, 595px\" \/>\t\t\t\t\t\t\t\t\t\t\t\t\t\t\t<\/div>\n\t\t\t\t<\/div>\n\t\t\t\t<\/div>\n\t\t<div class=\"elementor-element elementor-element-84ae333 e-con-full e-flex e-con e-child\" data-id=\"84ae333\" data-element_type=\"container\" data-settings=\"{&quot;content_width&quot;:&quot;full&quot;}\">\n\t\t\t\t<div class=\"elementor-element elementor-element-99fafe2 elementor-widget elementor-widget-image\" data-id=\"99fafe2\" data-element_type=\"widget\" data-widget_type=\"image.default\">\n\t\t\t\t<div class=\"elementor-widget-container\">\n\t\t\t\t\t\t\t\t\t\t\t\t\t\t\t<img loading=\"lazy\" decoding=\"async\" width=\"500\" height=\"600\" src=\"https:\/\/carolmazeto.com.br\/wp-content\/uploads\/2023\/10\/Mas-se-voce.-Quer-conhecer-mais-sobre-voce-seu-corpo-suas-limitacoes-e-potencialidades-Busca-um-tempo-pra-se-conectar-com-voce-mesma-o-1.png\" class=\"attachment-large size-large wp-image-382\" alt=\"\" srcset=\"https:\/\/carolmazeto.com.br\/wp-content\/uploads\/2023\/10\/Mas-se-voce.-Quer-conhecer-mais-sobre-voce-seu-corpo-suas-limitacoes-e-potencialidades-Busca-um-tempo-pra-se-conectar-com-voce-mesma-o-1.png 500w, https:\/\/carolmazeto.com.br\/wp-content\/uploads\/2023\/10\/Mas-se-voce.-Quer-conhecer-mais-sobre-voce-seu-corpo-suas-limitacoes-e-potencialidades-Busca-um-tempo-pra-se-conectar-com-voce-mesma-o-1-250x300.png 250w\" sizes=\"auto, (max-width: 500px) 100vw, 500px\" \/>\t\t\t\t\t\t\t\t\t\t\t\t\t\t\t<\/div>\n\t\t\t\t<\/div>\n\t\t\t\t<\/div>\n\t\t\t\t\t<\/div>\n\t\t\t\t<\/div>\n\t\t<div class=\"elementor-element elementor-element-8a1aecd e-con-full animated-slow e-flex elementor-invisible e-con e-parent\" data-id=\"8a1aecd\" data-element_type=\"container\" data-settings=\"{&quot;content_width&quot;:&quot;full&quot;,&quot;animation&quot;:&quot;fadeIn&quot;}\" data-core-v316-plus=\"true\">\n\t\t\t\t<div class=\"elementor-element elementor-element-0944b4f elementor-align-center elementor-widget elementor-widget-button\" data-id=\"0944b4f\" data-element_type=\"widget\" data-widget_type=\"button.default\">\n\t\t\t\t<div class=\"elementor-widget-container\">\n\t\t\t\t\t<div class=\"elementor-button-wrapper\">\n\t\t\t<a class=\"elementor-button elementor-button-link elementor-size-sm\" href=\"https:\/\/api.whatsapp.com\/send?phone=5541992019569\" target=\"_blank\">\n\t\t\t\t\t\t<span class=\"elementor-button-content-wrapper\">\n\t\t\t\t\t\t<span class=\"elementor-button-text\">Venha praticar Yoga<\/span>\n\t\t<\/span>\n\t\t\t\t\t<\/a>\n\t\t<\/div>\n\t\t\t\t<\/div>\n\t\t\t\t<\/div>\n\t\t\t\t<\/div>\n\t\t\t\t\t\t\t<\/div>\n\t\t","protected":false},"excerpt":{"rendered":"<p>O Yoga \u00e9 muito mais que fazer \u00e1sanas, trabalhar a flexibilidade e alongamento. Yoga \u00e9 um caminho para a Liberdade, um meio de se autoconhecer para tomar consci\u00eancia dos pr\u00f3prios condicionamentos, f\u00edsicos, mentais, emocionais e sociais para amorosamente super\u00e1-los e perceber a verdadeira natureza do Ser: A paz e a felicidade. Neste mundo cada vez [&hellip;]<\/p>\n","protected":false},"author":1,"featured_media":0,"parent":0,"menu_order":0,"comment_status":"closed","ping_status":"closed","template":"","meta":{"_monsterinsights_skip_tracking":false,"_monsterinsights_sitenote_active":false,"_monsterinsights_sitenote_note":"","_monsterinsights_sitenote_category":0,"footnotes":""},"class_list":["post-7","page","type-page","status-publish","hentry"],"_links":{"self":[{"href":"https:\/\/carolmazeto.com.br\/index.php\/wp-json\/wp\/v2\/pages\/7","targetHints":{"allow":["GET"]}}],"collection":[{"href":"https:\/\/carolmazeto.com.br\/index.php\/wp-json\/wp\/v2\/pages"}],"about":[{"href":"https:\/\/carolmazeto.com.br\/index.php\/wp-json\/wp\/v2\/types\/page"}],"author":[{"embeddable":true,"href":"https:\/\/carolmazeto.com.br\/index.php\/wp-json\/wp\/v2\/users\/1"}],"replies":[{"embeddable":true,"href":"https:\/\/carolmazeto.com.br\/index.php\/wp-json\/wp\/v2\/comments?post=7"}],"version-history":[{"count":149,"href":"https:\/\/carolmazeto.com.br\/index.php\/wp-json\/wp\/v2\/pages\/7\/revisions"}],"predecessor-version":[{"id":1349,"href":"https:\/\/carolmazeto.com.br\/index.php\/wp-json\/wp\/v2\/pages\/7\/revisions\/1349"}],"wp:attachment":[{"href":"https:\/\/carolmazeto.com.br\/index.php\/wp-json\/wp\/v2\/media?parent=7"}],"curies":[{"name":"wp","href":"https:\/\/api.w.org\/{rel}","templated":true}]}}