{"id":115,"date":"2023-10-03T10:34:35","date_gmt":"2023-10-03T13:34:35","guid":{"rendered":"https:\/\/carolmazeto.com.br\/?page_id=115"},"modified":"2026-03-27T16:18:20","modified_gmt":"2026-03-27T19:18:20","slug":"sobre-mim","status":"publish","type":"page","link":"https:\/\/carolmazeto.com.br\/index.php\/sobre-mim\/","title":{"rendered":"Sobre mim"},"content":{"rendered":"\t\t<div data-elementor-type=\"wp-page\" data-elementor-id=\"115\" class=\"elementor elementor-115\">\n\t\t\t\t\t\t\t<div class=\"elementor-element elementor-element-1b84504 e-con-full e-flex e-con e-parent\" data-id=\"1b84504\" data-element_type=\"container\" data-settings=\"{&quot;content_width&quot;:&quot;full&quot;}\" data-core-v316-plus=\"true\">\n\t\t\t\t<div class=\"elementor-element elementor-element-56b86b3 elementor-widget elementor-widget-image\" data-id=\"56b86b3\" data-element_type=\"widget\" data-widget_type=\"image.default\">\n\t\t\t\t<div class=\"elementor-widget-container\">\n\t\t\t<style>\/*! elementor - v3.16.0 - 20-09-2023 *\/\n.elementor-widget-image{text-align:center}.elementor-widget-image a{display:inline-block}.elementor-widget-image a img[src$=\".svg\"]{width:48px}.elementor-widget-image img{vertical-align:middle;display:inline-block}<\/style>\t\t\t\t\t\t\t\t\t\t\t\t<img loading=\"lazy\" decoding=\"async\" width=\"2113\" height=\"1138\" src=\"https:\/\/carolmazeto.com.br\/wp-content\/uploads\/2025\/01\/Home-2.png\" class=\"attachment-full size-full wp-image-1295\" alt=\"\" srcset=\"https:\/\/carolmazeto.com.br\/wp-content\/uploads\/2025\/01\/Home-2.png 2113w, https:\/\/carolmazeto.com.br\/wp-content\/uploads\/2025\/01\/Home-2-300x162.png 300w, https:\/\/carolmazeto.com.br\/wp-content\/uploads\/2025\/01\/Home-2-1024x551.png 1024w, https:\/\/carolmazeto.com.br\/wp-content\/uploads\/2025\/01\/Home-2-768x414.png 768w, https:\/\/carolmazeto.com.br\/wp-content\/uploads\/2025\/01\/Home-2-1536x827.png 1536w, https:\/\/carolmazeto.com.br\/wp-content\/uploads\/2025\/01\/Home-2-2048x1103.png 2048w\" sizes=\"auto, (max-width: 2113px) 100vw, 2113px\" \/>\t\t\t\t\t\t\t\t\t\t\t\t\t\t\t<\/div>\n\t\t\t\t<\/div>\n\t\t\t\t<div class=\"elementor-element elementor-element-d04fee5 elementor-widget elementor-widget-image\" data-id=\"d04fee5\" data-element_type=\"widget\" data-widget_type=\"image.default\">\n\t\t\t\t<div class=\"elementor-widget-container\">\n\t\t\t\t\t\t\t\t\t\t\t\t\t\t\t<img loading=\"lazy\" decoding=\"async\" width=\"2438\" height=\"1313\" src=\"https:\/\/carolmazeto.com.br\/wp-content\/uploads\/2025\/01\/Background-1-1.png\" class=\"attachment-full size-full wp-image-1350\" alt=\"\" srcset=\"https:\/\/carolmazeto.com.br\/wp-content\/uploads\/2025\/01\/Background-1-1.png 2438w, https:\/\/carolmazeto.com.br\/wp-content\/uploads\/2025\/01\/Background-1-1-300x162.png 300w, https:\/\/carolmazeto.com.br\/wp-content\/uploads\/2025\/01\/Background-1-1-1024x551.png 1024w, https:\/\/carolmazeto.com.br\/wp-content\/uploads\/2025\/01\/Background-1-1-768x414.png 768w, https:\/\/carolmazeto.com.br\/wp-content\/uploads\/2025\/01\/Background-1-1-1536x827.png 1536w, https:\/\/carolmazeto.com.br\/wp-content\/uploads\/2025\/01\/Background-1-1-2048x1103.png 2048w\" sizes=\"auto, (max-width: 2438px) 100vw, 2438px\" \/>\t\t\t\t\t\t\t\t\t\t\t\t\t\t\t<\/div>\n\t\t\t\t<\/div>\n\t\t\t\t<div class=\"elementor-element elementor-element-ac9109f elementor-widget elementor-widget-image\" data-id=\"ac9109f\" data-element_type=\"widget\" data-widget_type=\"image.default\">\n\t\t\t\t<div class=\"elementor-widget-container\">\n\t\t\t\t\t\t\t\t\t\t\t\t\t\t\t<img loading=\"lazy\" decoding=\"async\" width=\"2113\" height=\"1138\" src=\"https:\/\/carolmazeto.com.br\/wp-content\/uploads\/2025\/01\/Portfolio-3.png\" class=\"attachment-full size-full wp-image-1297\" alt=\"\" srcset=\"https:\/\/carolmazeto.com.br\/wp-content\/uploads\/2025\/01\/Portfolio-3.png 2113w, https:\/\/carolmazeto.com.br\/wp-content\/uploads\/2025\/01\/Portfolio-3-300x162.png 300w, https:\/\/carolmazeto.com.br\/wp-content\/uploads\/2025\/01\/Portfolio-3-1024x551.png 1024w, https:\/\/carolmazeto.com.br\/wp-content\/uploads\/2025\/01\/Portfolio-3-768x414.png 768w, https:\/\/carolmazeto.com.br\/wp-content\/uploads\/2025\/01\/Portfolio-3-1536x827.png 1536w, https:\/\/carolmazeto.com.br\/wp-content\/uploads\/2025\/01\/Portfolio-3-2048x1103.png 2048w\" sizes=\"auto, (max-width: 2113px) 100vw, 2113px\" \/>\t\t\t\t\t\t\t\t\t\t\t\t\t\t\t<\/div>\n\t\t\t\t<\/div>\n\t\t\t\t<div class=\"elementor-element elementor-element-a8b2a8c elementor-widget elementor-widget-image\" data-id=\"a8b2a8c\" data-element_type=\"widget\" data-widget_type=\"image.default\">\n\t\t\t\t<div class=\"elementor-widget-container\">\n\t\t\t\t\t\t\t\t\t\t\t\t\t\t\t<img loading=\"lazy\" decoding=\"async\" width=\"2113\" height=\"1138\" src=\"https:\/\/carolmazeto.com.br\/wp-content\/uploads\/2025\/01\/5-2.png\" class=\"attachment-full size-full wp-image-1291\" alt=\"\" srcset=\"https:\/\/carolmazeto.com.br\/wp-content\/uploads\/2025\/01\/5-2.png 2113w, https:\/\/carolmazeto.com.br\/wp-content\/uploads\/2025\/01\/5-2-300x162.png 300w, https:\/\/carolmazeto.com.br\/wp-content\/uploads\/2025\/01\/5-2-1024x551.png 1024w, https:\/\/carolmazeto.com.br\/wp-content\/uploads\/2025\/01\/5-2-768x414.png 768w, https:\/\/carolmazeto.com.br\/wp-content\/uploads\/2025\/01\/5-2-1536x827.png 1536w, https:\/\/carolmazeto.com.br\/wp-content\/uploads\/2025\/01\/5-2-2048x1103.png 2048w\" sizes=\"auto, (max-width: 2113px) 100vw, 2113px\" \/>\t\t\t\t\t\t\t\t\t\t\t\t\t\t\t<\/div>\n\t\t\t\t<\/div>\n\t\t\t\t<div class=\"elementor-element elementor-element-8432b1e elementor-widget elementor-widget-image\" data-id=\"8432b1e\" data-element_type=\"widget\" data-widget_type=\"image.default\">\n\t\t\t\t<div class=\"elementor-widget-container\">\n\t\t\t\t\t\t\t\t\t\t\t\t\t\t\t<img loading=\"lazy\" decoding=\"async\" width=\"2113\" height=\"1138\" src=\"https:\/\/carolmazeto.com.br\/wp-content\/uploads\/2025\/01\/Site-de-Comunicacao-Interna-Apresentacao-de-Novato-Blocos-Coloridos-Verde-e-Preto-1300-x-700-px-1.png\" class=\"attachment-full size-full wp-image-1356\" alt=\"\" srcset=\"https:\/\/carolmazeto.com.br\/wp-content\/uploads\/2025\/01\/Site-de-Comunicacao-Interna-Apresentacao-de-Novato-Blocos-Coloridos-Verde-e-Preto-1300-x-700-px-1.png 2113w, https:\/\/carolmazeto.com.br\/wp-content\/uploads\/2025\/01\/Site-de-Comunicacao-Interna-Apresentacao-de-Novato-Blocos-Coloridos-Verde-e-Preto-1300-x-700-px-1-300x162.png 300w, https:\/\/carolmazeto.com.br\/wp-content\/uploads\/2025\/01\/Site-de-Comunicacao-Interna-Apresentacao-de-Novato-Blocos-Coloridos-Verde-e-Preto-1300-x-700-px-1-1024x551.png 1024w, https:\/\/carolmazeto.com.br\/wp-content\/uploads\/2025\/01\/Site-de-Comunicacao-Interna-Apresentacao-de-Novato-Blocos-Coloridos-Verde-e-Preto-1300-x-700-px-1-768x414.png 768w, https:\/\/carolmazeto.com.br\/wp-content\/uploads\/2025\/01\/Site-de-Comunicacao-Interna-Apresentacao-de-Novato-Blocos-Coloridos-Verde-e-Preto-1300-x-700-px-1-1536x827.png 1536w, https:\/\/carolmazeto.com.br\/wp-content\/uploads\/2025\/01\/Site-de-Comunicacao-Interna-Apresentacao-de-Novato-Blocos-Coloridos-Verde-e-Preto-1300-x-700-px-1-2048x1103.png 2048w\" sizes=\"auto, (max-width: 2113px) 100vw, 2113px\" \/>\t\t\t\t\t\t\t\t\t\t\t\t\t\t\t<\/div>\n\t\t\t\t<\/div>\n\t\t\t\t<div class=\"elementor-element elementor-element-9c0e92e elementor-widget elementor-widget-image\" data-id=\"9c0e92e\" data-element_type=\"widget\" data-widget_type=\"image.default\">\n\t\t\t\t<div class=\"elementor-widget-container\">\n\t\t\t\t\t\t\t\t\t\t\t\t\t\t\t<img loading=\"lazy\" decoding=\"async\" width=\"2113\" height=\"1138\" src=\"https:\/\/carolmazeto.com.br\/wp-content\/uploads\/2025\/01\/More-About-Me-2.png\" class=\"attachment-full size-full wp-image-1296\" alt=\"\" srcset=\"https:\/\/carolmazeto.com.br\/wp-content\/uploads\/2025\/01\/More-About-Me-2.png 2113w, https:\/\/carolmazeto.com.br\/wp-content\/uploads\/2025\/01\/More-About-Me-2-300x162.png 300w, https:\/\/carolmazeto.com.br\/wp-content\/uploads\/2025\/01\/More-About-Me-2-1024x551.png 1024w, https:\/\/carolmazeto.com.br\/wp-content\/uploads\/2025\/01\/More-About-Me-2-768x414.png 768w, https:\/\/carolmazeto.com.br\/wp-content\/uploads\/2025\/01\/More-About-Me-2-1536x827.png 1536w, https:\/\/carolmazeto.com.br\/wp-content\/uploads\/2025\/01\/More-About-Me-2-2048x1103.png 2048w\" sizes=\"auto, (max-width: 2113px) 100vw, 2113px\" \/>\t\t\t\t\t\t\t\t\t\t\t\t\t\t\t<\/div>\n\t\t\t\t<\/div>\n\t\t\t\t<div class=\"elementor-element elementor-element-f7d2969 elementor-widget elementor-widget-image\" data-id=\"f7d2969\" data-element_type=\"widget\" data-widget_type=\"image.default\">\n\t\t\t\t<div class=\"elementor-widget-container\">\n\t\t\t\t\t\t\t\t\t\t\t\t\t\t\t<img loading=\"lazy\" decoding=\"async\" width=\"2000\" height=\"1400\" src=\"https:\/\/carolmazeto.com.br\/wp-content\/uploads\/2026\/03\/Contact-1.png\" class=\"attachment-full size-full wp-image-1371\" alt=\"\" srcset=\"https:\/\/carolmazeto.com.br\/wp-content\/uploads\/2026\/03\/Contact-1.png 2000w, https:\/\/carolmazeto.com.br\/wp-content\/uploads\/2026\/03\/Contact-1-300x210.png 300w, https:\/\/carolmazeto.com.br\/wp-content\/uploads\/2026\/03\/Contact-1-1024x717.png 1024w, https:\/\/carolmazeto.com.br\/wp-content\/uploads\/2026\/03\/Contact-1-768x538.png 768w, https:\/\/carolmazeto.com.br\/wp-content\/uploads\/2026\/03\/Contact-1-1536x1075.png 1536w\" sizes=\"auto, (max-width: 2000px) 100vw, 2000px\" \/>\t\t\t\t\t\t\t\t\t\t\t\t\t\t\t<\/div>\n\t\t\t\t<\/div>\n\t\t\t\t<\/div>\n\t\t<div class=\"elementor-element elementor-element-045804a animated-slow e-flex e-con-boxed e-con e-parent\" data-id=\"045804a\" data-element_type=\"container\" data-settings=\"{&quot;animation&quot;:&quot;none&quot;,&quot;animation_delay&quot;:0,&quot;content_width&quot;:&quot;boxed&quot;}\" data-core-v316-plus=\"true\">\n\t\t\t\t\t<div class=\"e-con-inner\">\n\t\t<div class=\"elementor-element elementor-element-464986a e-con-full e-flex e-con e-child\" data-id=\"464986a\" data-element_type=\"container\" data-settings=\"{&quot;content_width&quot;:&quot;full&quot;}\">\n\t\t\t\t<\/div>\n\t\t\t\t\t<\/div>\n\t\t\t\t<\/div>\n\t\t<div class=\"elementor-element elementor-element-63a7f5e animated-slow e-flex e-con-boxed elementor-invisible e-con e-parent\" data-id=\"63a7f5e\" data-element_type=\"container\" data-settings=\"{&quot;animation&quot;:&quot;fadeInUp&quot;,&quot;animation_delay&quot;:600,&quot;content_width&quot;:&quot;boxed&quot;}\" data-core-v316-plus=\"true\">\n\t\t\t\t\t<div class=\"e-con-inner\">\n\t\t\t\t<div class=\"elementor-element elementor-element-0f2eaf1 elementor-widget__width-inherit elementor-widget elementor-widget-heading\" data-id=\"0f2eaf1\" data-element_type=\"widget\" data-widget_type=\"heading.default\">\n\t\t\t\t<div class=\"elementor-widget-container\">\n\t\t\t<style>\/*! elementor - v3.16.0 - 20-09-2023 *\/\n.elementor-heading-title{padding:0;margin:0;line-height:1}.elementor-widget-heading .elementor-heading-title[class*=elementor-size-]>a{color:inherit;font-size:inherit;line-height:inherit}.elementor-widget-heading .elementor-heading-title.elementor-size-small{font-size:15px}.elementor-widget-heading .elementor-heading-title.elementor-size-medium{font-size:19px}.elementor-widget-heading .elementor-heading-title.elementor-size-large{font-size:29px}.elementor-widget-heading .elementor-heading-title.elementor-size-xl{font-size:39px}.elementor-widget-heading .elementor-heading-title.elementor-size-xxl{font-size:59px}<\/style><h2 class=\"elementor-heading-title elementor-size-default\">EU ACREDITO QUE...<\/h2>\t\t<\/div>\n\t\t\t\t<\/div>\n\t\t\t\t\t<\/div>\n\t\t\t\t<\/div>\n\t\t<div class=\"elementor-element elementor-element-5a058dd e-con-full animated-slow e-flex elementor-invisible e-con e-parent\" data-id=\"5a058dd\" data-element_type=\"container\" data-settings=\"{&quot;content_width&quot;:&quot;full&quot;,&quot;animation&quot;:&quot;fadeInUp&quot;,&quot;animation_delay&quot;:600}\" data-core-v316-plus=\"true\">\n\t\t\t\t<div class=\"elementor-element elementor-element-2c68f6c elementor-widget elementor-widget-heading\" data-id=\"2c68f6c\" data-element_type=\"widget\" data-widget_type=\"heading.default\">\n\t\t\t\t<div class=\"elementor-widget-container\">\n\t\t\t<h2 class=\"elementor-heading-title elementor-size-default\"><br><br>1. O Yoga n\u00e3o \u00e9 um exerc\u00edcio f\u00edsico, nem dom\u00ednio da mente ou controle do corpo. Yoga \u00e9 um caminho para <b>Moksa<\/b>, a liberdade.<br><br>\n2. O Yoga n\u00e3o \u00e9 s\u00f3 \u00e1sanas, t\u00e9cnicas de respira\u00e7\u00e3o e medita\u00e7\u00e3o, <b>mas possui tudo isso<\/b>.<br>\n<br>\n3. <b>Yoga n\u00e3o \u00e9 terapia<\/b>, mas ajuda, e <b>muito<\/b>, a viver uma <b>vida mais significativa<\/b> e a diminuir os sintomas (ansiedade, estresse, depress\u00e3o) de estar nesse mundo acelerado.<br>\n<br>\n4. O Yoga \u00e9 um caminho <b>acess\u00edvel<\/b>, mas nem todos est\u00e3o dispostos a acess\u00e1-lo, por que <b>autoconhecimento <\/b>requer esfor\u00e7o e <b>dedica\u00e7\u00e3o<\/b>.<br>\n<br>\n5. O Yoga faz parte de uma <b>tradi\u00e7\u00e3o milenar<\/b>, n\u00e3o \u00e9 espiritualidade superficial ou da \"Nova Era\", e portanto, precisa ser respeitado e <b>honrado<\/b>.<br>\n<br>\n6. A felicidade n\u00e3o est\u00e1 em um lugar, em alguma coisa ou em outras pessoas. <b>Voc\u00ea j\u00e1 \u00e9 a felicidade<\/b> que busca.\n<br><br>\n7. <b>Viver com presen\u00e7a <\/b>\u00e9 poss\u00edvel e \u00e9 exatamente isso que o Yoga nos ensina.<br>\n<br>\n8. <b>Fortalecer <\/b>o corpo e a mente, <b>respirar <\/b>com <b>consci\u00eancia <\/b>e aceitar-se como se \u00e9 v\u00e3o&nbsp;<b>mudar&nbsp;sua&nbsp;vida<\/b>.<br><br><\/h2>\t\t<\/div>\n\t\t\t\t<\/div>\n\t\t\t\t<\/div>\n\t\t<div class=\"elementor-element elementor-element-78175f4 e-flex e-con-boxed e-con e-parent\" data-id=\"78175f4\" data-element_type=\"container\" data-settings=\"{&quot;content_width&quot;:&quot;boxed&quot;}\" data-core-v316-plus=\"true\">\n\t\t\t\t\t<div class=\"e-con-inner\">\n\t\t\t\t\t<\/div>\n\t\t\t\t<\/div>\n\t\t\t\t\t\t\t<\/div>\n\t\t","protected":false},"excerpt":{"rendered":"<p>EU ACREDITO QUE&#8230; 1. O Yoga n\u00e3o \u00e9 um exerc\u00edcio f\u00edsico, nem dom\u00ednio da mente ou controle do corpo. Yoga \u00e9 um caminho para Moksa, a liberdade. 2. O Yoga n\u00e3o \u00e9 s\u00f3 \u00e1sanas, t\u00e9cnicas de respira\u00e7\u00e3o e medita\u00e7\u00e3o, mas possui tudo isso. 3. Yoga n\u00e3o \u00e9 terapia, mas ajuda, e muito, a viver uma [&hellip;]<\/p>\n","protected":false},"author":1,"featured_media":0,"parent":0,"menu_order":0,"comment_status":"closed","ping_status":"closed","template":"","meta":{"_monsterinsights_skip_tracking":false,"_monsterinsights_sitenote_active":false,"_monsterinsights_sitenote_note":"","_monsterinsights_sitenote_category":0,"footnotes":""},"class_list":["post-115","page","type-page","status-publish","hentry"],"_links":{"self":[{"href":"https:\/\/carolmazeto.com.br\/index.php\/wp-json\/wp\/v2\/pages\/115","targetHints":{"allow":["GET"]}}],"collection":[{"href":"https:\/\/carolmazeto.com.br\/index.php\/wp-json\/wp\/v2\/pages"}],"about":[{"href":"https:\/\/carolmazeto.com.br\/index.php\/wp-json\/wp\/v2\/types\/page"}],"author":[{"embeddable":true,"href":"https:\/\/carolmazeto.com.br\/index.php\/wp-json\/wp\/v2\/users\/1"}],"replies":[{"embeddable":true,"href":"https:\/\/carolmazeto.com.br\/index.php\/wp-json\/wp\/v2\/comments?post=115"}],"version-history":[{"count":265,"href":"https:\/\/carolmazeto.com.br\/index.php\/wp-json\/wp\/v2\/pages\/115\/revisions"}],"predecessor-version":[{"id":1374,"href":"https:\/\/carolmazeto.com.br\/index.php\/wp-json\/wp\/v2\/pages\/115\/revisions\/1374"}],"wp:attachment":[{"href":"https:\/\/carolmazeto.com.br\/index.php\/wp-json\/wp\/v2\/media?parent=115"}],"curies":[{"name":"wp","href":"https:\/\/api.w.org\/{rel}","templated":true}]}}